{"id":1072,"date":"2014-08-04T10:37:57","date_gmt":"2014-08-04T09:37:57","guid":{"rendered":"http:\/\/ff-waldneukirchen.at\/?page_id=1072"},"modified":"2018-12-01T19:53:42","modified_gmt":"2018-12-01T18:53:42","slug":"infoecke","status":"publish","type":"page","link":"https:\/\/www.ff-waldneukirchen.at\/?page_id=1072","title":{"rendered":"Infoecke"},"content":{"rendered":"<h1>Unwetterwarnungen f\u00fcr \u00d6sterreich<\/h1>\n<p><a title=\"Aktuelle Unwetterwarnungen f\u00fcr \u00d6sterreich\" href=\"http:\/\/www.uwz.at\/at\/de\/\"><img decoding=\"async\" src=\"http:\/\/www.uwz.at\/outwards\/current_2008.png\" alt=\"Aktuelle Unwetterwarnungen f\u00fcr \u00d6sterreich\" \/><\/a><\/p>\n<h1>Eins\u00e4tze in Ober\u00f6sterreich<br \/>\n<a title=\"Aktuelle Eins\u00e4tze in Ober\u00f6sterreich\" href=\"http:\/\/intranet.ooelfv.at\/\"><img decoding=\"async\" src=\"http:\/\/cf.intranet.ooelfv.at\/webext2\/img\/karte_laufend.jpg\" alt=\"Aktuelle Eins\u00e4tze in Ober\u00f6sterreich\" width=\"472\" \/><\/a><\/h1>\n","protected":false},"excerpt":{"rendered":"<p>Unwetterwarnungen f\u00fcr \u00d6sterreich Eins\u00e4tze in Ober\u00f6sterreich<\/p>\n","protected":false},"author":2,"featured_media":0,"parent":0,"menu_order":0,"comment_status":"closed","ping_status":"open","template":"","meta":{"advgb_blocks_editor_width":"","advgb_blocks_columns_visual_guide":"","advanced_seo_description":"","jetpack_seo_html_title":"","jetpack_seo_noindex":false,"footnotes":""},"class_list":["post-1072","page","type-page","status-publish","hentry","missing-thumbnail"],"coauthors":[],"author_meta":{"author_link":"https:\/\/www.ff-waldneukirchen.at\/?author=2","display_name":"Florian Diwald"},"relative_dates":{"created":"Ver\u00f6ffentlicht 12\u00a0Jahren vor","modified":"Aktualisiert 7\u00a0Jahren vor"},"absolute_dates":{"created":"Ver\u00f6ffentlicht am 04\/08\/2014","modified":"Aktualisiert am 01\/12\/2018"},"absolute_dates_time":{"created":"Ver\u00f6ffentlicht am 04\/08\/2014 10:37","modified":"Aktualisiert am 01\/12\/2018 19:53"},"featured_img_caption":"","featured_img":false,"series_order":"","jetpack_sharing_enabled":true,"_links":{"self":[{"href":"https:\/\/www.ff-waldneukirchen.at\/index.php?rest_route=\/wp\/v2\/pages\/1072","targetHints":{"allow":["GET"]}}],"collection":[{"href":"https:\/\/www.ff-waldneukirchen.at\/index.php?rest_route=\/wp\/v2\/pages"}],"about":[{"href":"https:\/\/www.ff-waldneukirchen.at\/index.php?rest_route=\/wp\/v2\/types\/page"}],"author":[{"embeddable":true,"href":"https:\/\/www.ff-waldneukirchen.at\/index.php?rest_route=\/wp\/v2\/users\/2"}],"replies":[{"embeddable":true,"href":"https:\/\/www.ff-waldneukirchen.at\/index.php?rest_route=%2Fwp%2Fv2%2Fcomments&post=1072"}],"version-history":[{"count":0,"href":"https:\/\/www.ff-waldneukirchen.at\/index.php?rest_route=\/wp\/v2\/pages\/1072\/revisions"}],"wp:attachment":[{"href":"https:\/\/www.ff-waldneukirchen.at\/index.php?rest_route=%2Fwp%2Fv2%2Fmedia&parent=1072"}],"curies":[{"name":"wp","href":"https:\/\/api.w.org\/{rel}","templated":true}]}}