{"id":1298,"date":"2014-09-28T10:23:00","date_gmt":"2014-09-28T09:23:00","guid":{"rendered":"http:\/\/ff-waldneukirchen.at\/?page_id=1298"},"modified":"2014-09-28T13:27:33","modified_gmt":"2014-09-28T12:27:33","slug":"persoenliche-schutzausruestung","status":"publish","type":"page","link":"https:\/\/www.ff-waldneukirchen.at\/?page_id=1298","title":{"rendered":"Pers\u00f6nliche Schutzausr\u00fcstung"},"content":{"rendered":"<p>Die Pers\u00f6nliche Schutzausr\u00fcstung (PSA) ist im Einsatz von jedem Feuerwehrmitglied zu tragen, denn diese sch\u00fctzt vor den \u00e4u\u00dferen Gefahren an einer Einsatzstelle (z.B.: Schnittverletzungen, Verbrennungen, \u2026) denen ein Feuerwehrmann im Einsatz ausgesetzt ist.<\/p>\n<p>In unserer Feuerwehr besitzt jedes Feuerwehrmitglied im Allgemeinen eine pers\u00f6nliche Schutzausr\u00fcstung, die aus folgenden Ausr\u00fcstungsgegenst\u00e4nden besteht:<\/p>\n<ul>\n<li>Feuerwehrhelm mit Leuchtstreifen<\/li>\n<li>Schutzjacke mit Leuchtstreifen<\/li>\n<li>Schutzhandschuhe aus Leder<\/li>\n<li>Einsatzoverall mit Leuchtstreifen \/ Einsatzhose ( sechs St\u00fcck seit Oktober 2010)<\/li>\n<li>Sicherheitsstiefel mit Stahlkappe und verst\u00e4rkter Sohle<\/li>\n<\/ul>\n<p><a href=\"\/wp-content\/uploads\/2014\/09\/uniform.jpg\"><img loading=\"lazy\" decoding=\"async\" class=\"alignnone wp-image-1304 size-medium\" src=\"\/wp-content\/uploads\/2014\/09\/uniform-110x300.jpg\" alt=\"Einsatzbekleidung\" width=\"110\" height=\"300\" \/><\/a> <a href=\"\/wp-content\/uploads\/2014\/09\/uniform2.jpg\"><img loading=\"lazy\" decoding=\"async\" class=\"alignnone wp-image-1305 size-medium\" src=\"\/wp-content\/uploads\/2014\/09\/uniform2-110x300.jpg\" alt=\"Einsatzbekleidung hinten\" width=\"110\" height=\"300\" \/><\/a><\/p>\n<h1>Feuerwehrhelm mit Leuchtstreifen<\/h1>\n<p>Der Feuerwehrhelm ist aus extrem stabilem Material (GFK-Verbundwerkstoff) gefertigt und bietet dem Feuerwehrmann den erforderlichen Kopfschutz im Einsatz. Um im Einsatzgeschehen einen \u00dcberblick \u00fcber die vorhandenen Einsatzkr\u00e4fte zu haben, sind die einzelnen Funktionstr\u00e4ger der Feuerwehr durch verschiedenfarbige Streifen am Helmrand wie folgt gekennzeichnet:<\/p>\n<p>Rot: Mannschaft<br \/>\nSilber: Chargen (erste F\u00fchrungsebene)<br \/>\nGold: Offiziere (h\u00f6here F\u00fchrungsebene)<\/p>\n<p><a href=\"\/wp-content\/uploads\/2014\/09\/helm.jpg\"><img loading=\"lazy\" decoding=\"async\" data-attachment-id=\"1293\" data-permalink=\"https:\/\/www.ff-waldneukirchen.at\/?attachment_id=1293\" data-orig-file=\"https:\/\/www.ff-waldneukirchen.at\/wp-content\/uploads\/2014\/09\/helm.jpg\" data-orig-size=\"640,480\" data-comments-opened=\"0\" data-image-meta=\"{&quot;aperture&quot;:&quot;0&quot;,&quot;credit&quot;:&quot;&quot;,&quot;camera&quot;:&quot;&quot;,&quot;caption&quot;:&quot;&quot;,&quot;created_timestamp&quot;:&quot;0&quot;,&quot;copyright&quot;:&quot;&quot;,&quot;focal_length&quot;:&quot;0&quot;,&quot;iso&quot;:&quot;0&quot;,&quot;shutter_speed&quot;:&quot;0&quot;,&quot;title&quot;:&quot;&quot;,&quot;orientation&quot;:&quot;1&quot;}\" data-image-title=\"Helm Heros\" data-image-description=\"\" data-image-caption=\"\" data-large-file=\"https:\/\/www.ff-waldneukirchen.at\/wp-content\/uploads\/2014\/09\/helm.jpg\" class=\"alignnone size-medium wp-image-1293\" src=\"\/wp-content\/uploads\/2014\/09\/helm-300x225.jpg\" alt=\"Helm Heros\" width=\"300\" height=\"225\" srcset=\"https:\/\/www.ff-waldneukirchen.at\/wp-content\/uploads\/2014\/09\/helm-300x225.jpg 300w, https:\/\/www.ff-waldneukirchen.at\/wp-content\/uploads\/2014\/09\/helm.jpg 640w\" sizes=\"auto, (max-width: 300px) 100vw, 300px\" \/><\/a><\/p>\n<h1>Schutzjacke und Schutzhose<\/h1>\n<p>Die Schutzjacke und die Schutzhose sind aus einem feuerhemmenden Material gefertigt und sollen Schutz vor Hitzestrahlung und Flammeinwirkung bieten. Ebenso ist die Jacke und die Hose wasserdicht, winddicht und atmungsaktiv und tragen somit zum Schutz vor N\u00e4sse bei. Zus\u00e4tzlich sind an beiden Kleidungsst\u00fccken silberne Leuchtreflektoren angebracht um im Dunkeln besser gesehen zu werden. Dies bietet vor allem bei Arbeiten auf Verkehrswegen einen besonderen Schutz.<\/p>\n<p><a href=\"\/wp-content\/uploads\/2014\/09\/Schutzjacke.jpg\"><img loading=\"lazy\" decoding=\"async\" data-attachment-id=\"1302\" data-permalink=\"https:\/\/www.ff-waldneukirchen.at\/?attachment_id=1302\" data-orig-file=\"https:\/\/www.ff-waldneukirchen.at\/wp-content\/uploads\/2014\/09\/Schutzjacke.jpg\" data-orig-size=\"586,800\" data-comments-opened=\"0\" data-image-meta=\"{&quot;aperture&quot;:&quot;0&quot;,&quot;credit&quot;:&quot;&quot;,&quot;camera&quot;:&quot;&quot;,&quot;caption&quot;:&quot;&quot;,&quot;created_timestamp&quot;:&quot;0&quot;,&quot;copyright&quot;:&quot;&quot;,&quot;focal_length&quot;:&quot;0&quot;,&quot;iso&quot;:&quot;0&quot;,&quot;shutter_speed&quot;:&quot;0&quot;,&quot;title&quot;:&quot;&quot;,&quot;orientation&quot;:&quot;0&quot;}\" data-image-title=\"Schutzjacke\" data-image-description=\"\" data-image-caption=\"\" data-large-file=\"https:\/\/www.ff-waldneukirchen.at\/wp-content\/uploads\/2014\/09\/Schutzjacke.jpg\" class=\"alignnone size-medium wp-image-1302\" src=\"\/wp-content\/uploads\/2014\/09\/Schutzjacke-219x300.jpg\" alt=\"Schutzjacke\" width=\"219\" height=\"300\" srcset=\"https:\/\/www.ff-waldneukirchen.at\/wp-content\/uploads\/2014\/09\/Schutzjacke-219x300.jpg 219w, https:\/\/www.ff-waldneukirchen.at\/wp-content\/uploads\/2014\/09\/Schutzjacke.jpg 586w\" sizes=\"auto, (max-width: 219px) 100vw, 219px\" \/><\/a> <a href=\"\/wp-content\/uploads\/2014\/09\/hose.jpg\"><img loading=\"lazy\" decoding=\"async\" class=\"alignnone size-medium wp-image-1299\" src=\"\/wp-content\/uploads\/2014\/09\/hose-157x300.jpg\" alt=\"Einsatzhose\" width=\"157\" height=\"300\" \/><\/a><\/p>\n<h1>Feuerwehrhandschuhe<\/h1>\n<p>Die Feuerwehrhandschuhe bieten der Einsatzkraft Schutz vor Verletzungen im Bereich der H\u00e4nde. In unserer Feuerwehr besitzt jedes Feuerwehrmitglied ein Paar Lederhandschuhe. Zus\u00e4tzlich befinden sich im R\u00fcstl\u00f6schfahrzeug Feuerwehrhandschuhe, welche aus einem speziellen Material hergestellt und am Handr\u00fccken spezielle Reflexionsstreifen aufgen\u00e4ht sind.<\/p>\n<p><a href=\"\/wp-content\/uploads\/2014\/09\/handschuhe2.jpg\"><img loading=\"lazy\" decoding=\"async\" class=\"alignnone size-medium wp-image-1297\" src=\"\/wp-content\/uploads\/2014\/09\/handschuhe2-300x290.jpg\" alt=\"Handschuhe\" width=\"300\" height=\"290\" \/><\/a> <a href=\"\/wp-content\/uploads\/2014\/09\/lederhandschuhe.jpg\"><img loading=\"lazy\" decoding=\"async\" data-attachment-id=\"1300\" data-permalink=\"https:\/\/www.ff-waldneukirchen.at\/?attachment_id=1300\" data-orig-file=\"https:\/\/www.ff-waldneukirchen.at\/wp-content\/uploads\/2014\/09\/lederhandschuhe.jpg\" data-orig-size=\"319,356\" data-comments-opened=\"0\" data-image-meta=\"{&quot;aperture&quot;:&quot;0&quot;,&quot;credit&quot;:&quot;&quot;,&quot;camera&quot;:&quot;&quot;,&quot;caption&quot;:&quot;&quot;,&quot;created_timestamp&quot;:&quot;0&quot;,&quot;copyright&quot;:&quot;&quot;,&quot;focal_length&quot;:&quot;0&quot;,&quot;iso&quot;:&quot;0&quot;,&quot;shutter_speed&quot;:&quot;0&quot;,&quot;title&quot;:&quot;&quot;,&quot;orientation&quot;:&quot;0&quot;}\" data-image-title=\"Lederhandschuhe\" data-image-description=\"\" data-image-caption=\"\" data-large-file=\"https:\/\/www.ff-waldneukirchen.at\/wp-content\/uploads\/2014\/09\/lederhandschuhe.jpg\" class=\"alignnone size-medium wp-image-1300\" src=\"\/wp-content\/uploads\/2014\/09\/lederhandschuhe-268x300.jpg\" alt=\"Lederhandschuhe\" width=\"268\" height=\"300\" srcset=\"https:\/\/www.ff-waldneukirchen.at\/wp-content\/uploads\/2014\/09\/lederhandschuhe-268x300.jpg 268w, https:\/\/www.ff-waldneukirchen.at\/wp-content\/uploads\/2014\/09\/lederhandschuhe.jpg 319w\" sizes=\"auto, (max-width: 268px) 100vw, 268px\" \/><\/a><\/p>\n<h1>Einsatzoverall mit Leuchtstreifen<\/h1>\n<p>Der Einsatzoverall wird, wie der Name bereits sagt, bei allen Eins\u00e4tzen getragen. Dieser Einsatzoverall ist quasi &#8222;die zweite Haut&#8220; des Feuerwehrmannes und soll speziell vor den Gefahren des Brandeinsatzes, aber auch bei technischen Hilfeleistungen ausreichend Schutz bieten. Der Einsatzoverall ist Hitzebest\u00e4ndig und bietet auch Schutz gegen N\u00e4sse beim L\u00f6scheinsatz und bei starkem Regen. Um im Einsatzfall einen \u00dcberblick \u00fcber die vorhandenen Einsatzkr\u00e4fte, mit ihren speziellen Ausbildungswissen zu erhalten ist an den Schultern die jeweiligen Dienstgrad angebracht.<\/p>\n<p><a href=\"\/wp-content\/uploads\/2014\/09\/Overall.jpg\"><img loading=\"lazy\" decoding=\"async\" data-attachment-id=\"1301\" data-permalink=\"https:\/\/www.ff-waldneukirchen.at\/?attachment_id=1301\" data-orig-file=\"https:\/\/www.ff-waldneukirchen.at\/wp-content\/uploads\/2014\/09\/Overall.jpg\" data-orig-size=\"548,800\" data-comments-opened=\"0\" data-image-meta=\"{&quot;aperture&quot;:&quot;0&quot;,&quot;credit&quot;:&quot;&quot;,&quot;camera&quot;:&quot;&quot;,&quot;caption&quot;:&quot;&quot;,&quot;created_timestamp&quot;:&quot;0&quot;,&quot;copyright&quot;:&quot;&quot;,&quot;focal_length&quot;:&quot;0&quot;,&quot;iso&quot;:&quot;0&quot;,&quot;shutter_speed&quot;:&quot;0&quot;,&quot;title&quot;:&quot;&quot;,&quot;orientation&quot;:&quot;0&quot;}\" data-image-title=\"Einsatzoverall\" data-image-description=\"\" data-image-caption=\"\" data-large-file=\"https:\/\/www.ff-waldneukirchen.at\/wp-content\/uploads\/2014\/09\/Overall.jpg\" class=\"alignnone size-medium wp-image-1301\" src=\"\/wp-content\/uploads\/2014\/09\/Overall-205x300.jpg\" alt=\"Einsatzoverall\" width=\"205\" height=\"300\" srcset=\"https:\/\/www.ff-waldneukirchen.at\/wp-content\/uploads\/2014\/09\/Overall-205x300.jpg 205w, https:\/\/www.ff-waldneukirchen.at\/wp-content\/uploads\/2014\/09\/Overall.jpg 548w\" sizes=\"auto, (max-width: 205px) 100vw, 205px\" \/><\/a><\/p>\n<h1>Sicherheitsstiefel mit Stahlkappe und verst\u00e4rkter Sohle<\/h1>\n<p>Die Feuerwehrsicherheitsstiefel unserer Feuerwehr bestehen aus Leder mit besonders starkem Profil, welche mit Stahlkappen und \u00d6l-resistenten, durchtritt- und rutschsicheren Sohlen versehen sind. Diese Stiefel sind bei allen Eins\u00e4tzen zu tragen und bieten aufgrund ihrer speziellen Eigenschaften besten Schutz f\u00fcr die Einsatzkr\u00e4fte. Sie sollen vor Brandeinwirkung, Schnitten, harten und schweren Gegenst\u00e4nden usw. sch\u00fctzen. Im Einsatzfall werden die Stiefel unter dem Einsatzoverall getragen, damit von oben nichts in die Stiefel hineinfallen kann.<\/p>\n<p><a href=\"\/wp-content\/uploads\/2014\/09\/stiefel.jpg\"><img loading=\"lazy\" decoding=\"async\" data-attachment-id=\"1303\" data-permalink=\"https:\/\/www.ff-waldneukirchen.at\/?attachment_id=1303\" data-orig-file=\"https:\/\/www.ff-waldneukirchen.at\/wp-content\/uploads\/2014\/09\/stiefel.jpg\" data-orig-size=\"480,640\" data-comments-opened=\"0\" data-image-meta=\"{&quot;aperture&quot;:&quot;0&quot;,&quot;credit&quot;:&quot;&quot;,&quot;camera&quot;:&quot;&quot;,&quot;caption&quot;:&quot;&quot;,&quot;created_timestamp&quot;:&quot;0&quot;,&quot;copyright&quot;:&quot;&quot;,&quot;focal_length&quot;:&quot;0&quot;,&quot;iso&quot;:&quot;0&quot;,&quot;shutter_speed&quot;:&quot;0&quot;,&quot;title&quot;:&quot;&quot;,&quot;orientation&quot;:&quot;0&quot;}\" data-image-title=\"Einsatzstiefel\" data-image-description=\"\" data-image-caption=\"\" data-large-file=\"https:\/\/www.ff-waldneukirchen.at\/wp-content\/uploads\/2014\/09\/stiefel.jpg\" class=\"alignnone size-medium wp-image-1303\" src=\"\/wp-content\/uploads\/2014\/09\/stiefel-225x300.jpg\" alt=\"Einsatzstiefel\" width=\"225\" height=\"300\" srcset=\"https:\/\/www.ff-waldneukirchen.at\/wp-content\/uploads\/2014\/09\/stiefel-225x300.jpg 225w, https:\/\/www.ff-waldneukirchen.at\/wp-content\/uploads\/2014\/09\/stiefel.jpg 480w\" sizes=\"auto, (max-width: 225px) 100vw, 225px\" \/><\/a><\/p>\n","protected":false},"excerpt":{"rendered":"<p>Die Pers\u00f6nliche Schutzausr\u00fcstung (PSA) ist im Einsatz von jedem Feuerwehrmitglied zu tragen, denn diese sch\u00fctzt vor den \u00e4u\u00dferen Gefahren an einer Einsatzstelle (z.B.: Schnittverletzungen, Verbrennungen, \u2026) denen ein Feuerwehrmann im Einsatz ausgesetzt ist. In unserer Feuerwehr besitzt jedes Feuerwehrmitglied im Allgemeinen eine pers\u00f6nliche Schutzausr\u00fcstung, die aus folgenden Ausr\u00fcstungsgegenst\u00e4nden besteht: Feuerwehrhelm mit Leuchtstreifen Schutzjacke mit Leuchtstreifen [&hellip;]<\/p>\n","protected":false},"author":2,"featured_media":0,"parent":4711,"menu_order":1,"comment_status":"closed","ping_status":"closed","template":"","meta":{"advgb_blocks_editor_width":"","advgb_blocks_columns_visual_guide":"","advanced_seo_description":"","jetpack_seo_html_title":"","jetpack_seo_noindex":false,"footnotes":""},"class_list":["post-1298","page","type-page","status-publish","hentry","missing-thumbnail"],"coauthors":[],"author_meta":{"author_link":"https:\/\/www.ff-waldneukirchen.at\/?author=2","display_name":"Florian Diwald"},"relative_dates":{"created":"Ver\u00f6ffentlicht 12\u00a0Jahren vor","modified":"Aktualisiert 12\u00a0Jahren vor"},"absolute_dates":{"created":"Ver\u00f6ffentlicht am 28\/09\/2014","modified":"Aktualisiert am 28\/09\/2014"},"absolute_dates_time":{"created":"Ver\u00f6ffentlicht am 28\/09\/2014 10:23","modified":"Aktualisiert am 28\/09\/2014 13:27"},"featured_img_caption":"","featured_img":false,"series_order":"","jetpack_sharing_enabled":true,"_links":{"self":[{"href":"https:\/\/www.ff-waldneukirchen.at\/index.php?rest_route=\/wp\/v2\/pages\/1298","targetHints":{"allow":["GET"]}}],"collection":[{"href":"https:\/\/www.ff-waldneukirchen.at\/index.php?rest_route=\/wp\/v2\/pages"}],"about":[{"href":"https:\/\/www.ff-waldneukirchen.at\/index.php?rest_route=\/wp\/v2\/types\/page"}],"author":[{"embeddable":true,"href":"https:\/\/www.ff-waldneukirchen.at\/index.php?rest_route=\/wp\/v2\/users\/2"}],"replies":[{"embeddable":true,"href":"https:\/\/www.ff-waldneukirchen.at\/index.php?rest_route=%2Fwp%2Fv2%2Fcomments&post=1298"}],"version-history":[{"count":0,"href":"https:\/\/www.ff-waldneukirchen.at\/index.php?rest_route=\/wp\/v2\/pages\/1298\/revisions"}],"up":[{"embeddable":true,"href":"https:\/\/www.ff-waldneukirchen.at\/index.php?rest_route=\/wp\/v2\/pages\/4711"}],"wp:attachment":[{"href":"https:\/\/www.ff-waldneukirchen.at\/index.php?rest_route=%2Fwp%2Fv2%2Fmedia&parent=1298"}],"curies":[{"name":"wp","href":"https:\/\/api.w.org\/{rel}","templated":true}]}}