{"id":4796,"date":"2018-12-01T18:03:12","date_gmt":"2018-12-01T17:03:12","guid":{"rendered":"http:\/\/www.ff-waldneukirchen.at\/?page_id=4796"},"modified":"2018-12-01T18:49:33","modified_gmt":"2018-12-01T17:49:33","slug":"jugend","status":"publish","type":"page","link":"https:\/\/www.ff-waldneukirchen.at\/?page_id=4796","title":{"rendered":"Jugend"},"content":{"rendered":"\n<div class=\"wp-block-media-text alignfull\"><figure class=\"wp-block-media-text__media\"><img loading=\"lazy\" decoding=\"async\" width=\"1000\" height=\"668\" data-attachment-id=\"3469\" data-permalink=\"https:\/\/www.ff-waldneukirchen.at\/?attachment_id=3469\" data-orig-file=\"https:\/\/www.ff-waldneukirchen.at\/wp-content\/uploads\/2014\/05\/IMG_4955.jpg\" data-orig-size=\"1000,668\" data-comments-opened=\"0\" data-image-meta=\"{&quot;aperture&quot;:&quot;4&quot;,&quot;credit&quot;:&quot;Picasa&quot;,&quot;camera&quot;:&quot;Canon EOS 5D&quot;,&quot;caption&quot;:&quot;&quot;,&quot;created_timestamp&quot;:&quot;1473498930&quot;,&quot;copyright&quot;:&quot;&quot;,&quot;focal_length&quot;:&quot;24&quot;,&quot;iso&quot;:&quot;640&quot;,&quot;shutter_speed&quot;:&quot;0.0003125&quot;,&quot;title&quot;:&quot;&quot;,&quot;orientation&quot;:&quot;0&quot;}\" data-image-title=\"IMG_4955\" data-image-description=\"\" data-image-caption=\"\" data-large-file=\"https:\/\/www.ff-waldneukirchen.at\/wp-content\/uploads\/2014\/05\/IMG_4955.jpg\" src=\"http:\/\/www.ff-waldneukirchen.at\/wp-content\/uploads\/2014\/05\/IMG_4955.jpg\" alt=\"\" class=\"wp-image-3469\" srcset=\"https:\/\/www.ff-waldneukirchen.at\/wp-content\/uploads\/2014\/05\/IMG_4955.jpg 1000w, https:\/\/www.ff-waldneukirchen.at\/wp-content\/uploads\/2014\/05\/IMG_4955-300x200.jpg 300w, https:\/\/www.ff-waldneukirchen.at\/wp-content\/uploads\/2014\/05\/IMG_4955-768x513.jpg 768w, https:\/\/www.ff-waldneukirchen.at\/wp-content\/uploads\/2014\/05\/IMG_4955-272x182.jpg 272w\" sizes=\"auto, (max-width: 1000px) 100vw, 1000px\" \/><\/figure><div class=\"wp-block-media-text__content\">\n<p class=\"has-large-font-size\">Die Jugendgruppe unserer Feuerwehr besteht seit 1999. Ihr Hauptziel ist die Ausbildung der Jugendlichen f\u00fcr den Dienst in der Feuerwehr. Au\u00dferdem wird ein breites Angebot an Freizeitaktivit\u00e4ten geboten.<\/p>\n<\/div><\/div>\n\n\n\n<h2 class=\"wp-block-heading\">Was wir dir bieten<\/h2>\n\n\n\n<div class=\"wp-block-media-text alignfull has-media-on-the-right\"><figure class=\"wp-block-media-text__media\"><img loading=\"lazy\" decoding=\"async\" width=\"1000\" height=\"751\" data-attachment-id=\"4649\" data-permalink=\"https:\/\/www.ff-waldneukirchen.at\/?attachment_id=4649\" data-orig-file=\"https:\/\/www.ff-waldneukirchen.at\/wp-content\/uploads\/2018\/11\/P1100594.jpg\" data-orig-size=\"1000,751\" data-comments-opened=\"0\" data-image-meta=\"{&quot;aperture&quot;:&quot;3.5&quot;,&quot;credit&quot;:&quot;Picasa&quot;,&quot;camera&quot;:&quot;DMC-G81&quot;,&quot;caption&quot;:&quot;&quot;,&quot;created_timestamp&quot;:&quot;1542468368&quot;,&quot;copyright&quot;:&quot;&quot;,&quot;focal_length&quot;:&quot;35&quot;,&quot;iso&quot;:&quot;200&quot;,&quot;shutter_speed&quot;:&quot;0.004&quot;,&quot;title&quot;:&quot;&quot;,&quot;orientation&quot;:&quot;0&quot;}\" data-image-title=\"P1100594\" data-image-description=\"\" data-image-caption=\"\" data-large-file=\"https:\/\/www.ff-waldneukirchen.at\/wp-content\/uploads\/2018\/11\/P1100594.jpg\" src=\"http:\/\/www.ff-waldneukirchen.at\/wp-content\/uploads\/2018\/11\/P1100594.jpg\" alt=\"\" class=\"wp-image-4649\" srcset=\"https:\/\/www.ff-waldneukirchen.at\/wp-content\/uploads\/2018\/11\/P1100594.jpg 1000w, https:\/\/www.ff-waldneukirchen.at\/wp-content\/uploads\/2018\/11\/P1100594-300x225.jpg 300w, https:\/\/www.ff-waldneukirchen.at\/wp-content\/uploads\/2018\/11\/P1100594-768x577.jpg 768w\" sizes=\"auto, (max-width: 1000px) 100vw, 1000px\" \/><\/figure><div class=\"wp-block-media-text__content\">\n<h3 class=\"wp-block-heading\">Ausbildung<\/h3>\n\n\n\n<p class=\"has-large-font-size\">\nNach abgeschlossener Grundausbildung tr\u00e4gst du den Dienstgrad Feuerwehrmann und darfst an Einsatzfahrten teilnehmen.\n\n<\/p>\n<\/div><\/div>\n\n\n\n<div class=\"wp-block-media-text alignfull\"><figure class=\"wp-block-media-text__media\"><img loading=\"lazy\" decoding=\"async\" width=\"1000\" height=\"563\" data-attachment-id=\"4439\" data-permalink=\"https:\/\/www.ff-waldneukirchen.at\/?attachment_id=4439\" data-orig-file=\"https:\/\/www.ff-waldneukirchen.at\/wp-content\/uploads\/2018\/07\/20180728_184655.jpg\" data-orig-size=\"1000,563\" data-comments-opened=\"0\" data-image-meta=\"{&quot;aperture&quot;:&quot;1.7&quot;,&quot;credit&quot;:&quot;Picasa&quot;,&quot;camera&quot;:&quot;SM-G950F&quot;,&quot;caption&quot;:&quot;&quot;,&quot;created_timestamp&quot;:&quot;1532803615&quot;,&quot;copyright&quot;:&quot;&quot;,&quot;focal_length&quot;:&quot;4.2&quot;,&quot;iso&quot;:&quot;40&quot;,&quot;shutter_speed&quot;:&quot;0.00071428571428571&quot;,&quot;title&quot;:&quot;&quot;,&quot;orientation&quot;:&quot;0&quot;}\" data-image-title=\"20180728_184655\" data-image-description=\"\" data-image-caption=\"\" data-large-file=\"https:\/\/www.ff-waldneukirchen.at\/wp-content\/uploads\/2018\/07\/20180728_184655.jpg\" src=\"http:\/\/www.ff-waldneukirchen.at\/wp-content\/uploads\/2018\/07\/20180728_184655.jpg\" alt=\"\" class=\"wp-image-4439\" srcset=\"https:\/\/www.ff-waldneukirchen.at\/wp-content\/uploads\/2018\/07\/20180728_184655.jpg 1000w, https:\/\/www.ff-waldneukirchen.at\/wp-content\/uploads\/2018\/07\/20180728_184655-300x169.jpg 300w, https:\/\/www.ff-waldneukirchen.at\/wp-content\/uploads\/2018\/07\/20180728_184655-768x432.jpg 768w\" sizes=\"auto, (max-width: 1000px) 100vw, 1000px\" \/><\/figure><div class=\"wp-block-media-text__content\">\n<h3 class=\"wp-block-heading\">Kameradschaft<\/h3>\n\n\n\n<p class=\"has-large-font-size\">In der Feuerwehjugendgruppe werden viele Freundschaften eschlossen, die in der Zeit bis zum \u00dcbertritt in den Aktivstand und dar\u00fcber hinaus gefestigt werden.<\/p>\n<\/div><\/div>\n\n\n\n<div class=\"wp-block-media-text alignfull has-media-on-the-right\"><figure class=\"wp-block-media-text__media\"><img loading=\"lazy\" decoding=\"async\" width=\"1000\" height=\"563\" data-attachment-id=\"4437\" data-permalink=\"https:\/\/www.ff-waldneukirchen.at\/?attachment_id=4437\" data-orig-file=\"https:\/\/www.ff-waldneukirchen.at\/wp-content\/uploads\/2018\/07\/20180728_163744.jpg\" data-orig-size=\"1000,563\" data-comments-opened=\"0\" data-image-meta=\"{&quot;aperture&quot;:&quot;1.7&quot;,&quot;credit&quot;:&quot;Picasa&quot;,&quot;camera&quot;:&quot;SM-G950F&quot;,&quot;caption&quot;:&quot;&quot;,&quot;created_timestamp&quot;:&quot;1532795864&quot;,&quot;copyright&quot;:&quot;&quot;,&quot;focal_length&quot;:&quot;4.2&quot;,&quot;iso&quot;:&quot;40&quot;,&quot;shutter_speed&quot;:&quot;0.00033875338753388&quot;,&quot;title&quot;:&quot;&quot;,&quot;orientation&quot;:&quot;0&quot;}\" data-image-title=\"20180728_163744\" data-image-description=\"\" data-image-caption=\"\" data-large-file=\"https:\/\/www.ff-waldneukirchen.at\/wp-content\/uploads\/2018\/07\/20180728_163744.jpg\" src=\"http:\/\/www.ff-waldneukirchen.at\/wp-content\/uploads\/2018\/07\/20180728_163744.jpg\" alt=\"\" class=\"wp-image-4437\" srcset=\"https:\/\/www.ff-waldneukirchen.at\/wp-content\/uploads\/2018\/07\/20180728_163744.jpg 1000w, https:\/\/www.ff-waldneukirchen.at\/wp-content\/uploads\/2018\/07\/20180728_163744-300x169.jpg 300w, https:\/\/www.ff-waldneukirchen.at\/wp-content\/uploads\/2018\/07\/20180728_163744-768x432.jpg 768w\" sizes=\"auto, (max-width: 1000px) 100vw, 1000px\" \/><\/figure><div class=\"wp-block-media-text__content\">\n<h3 class=\"wp-block-heading\">Spa\u00df<\/h3>\n\n\n\n<p class=\"has-large-font-size\">\nViele Veranstaltungen wie das Jugendlager oder ein Besuch im Schwimmbad bleiben lange positiv in Erinnerung.\n\n<\/p>\n<\/div><\/div>\n\n\n\n<h2 class=\"wp-block-heading\">Das Team<br><\/h2>\n\n\n\n<div class=\"wp-block-media-text alignfull\"><figure class=\"wp-block-media-text__media\"><img loading=\"lazy\" decoding=\"async\" width=\"1000\" height=\"665\" data-attachment-id=\"4140\" data-permalink=\"https:\/\/www.ff-waldneukirchen.at\/?attachment_id=4140\" data-orig-file=\"https:\/\/www.ff-waldneukirchen.at\/wp-content\/uploads\/2018\/04\/IMG_7087.jpg\" data-orig-size=\"1000,665\" data-comments-opened=\"0\" data-image-meta=\"{&quot;aperture&quot;:&quot;8&quot;,&quot;credit&quot;:&quot;&quot;,&quot;camera&quot;:&quot;Canon EOS 5D&quot;,&quot;caption&quot;:&quot;&quot;,&quot;created_timestamp&quot;:&quot;1522775670&quot;,&quot;copyright&quot;:&quot;&quot;,&quot;focal_length&quot;:&quot;25&quot;,&quot;iso&quot;:&quot;100&quot;,&quot;shutter_speed&quot;:&quot;0.0125&quot;,&quot;title&quot;:&quot;&quot;,&quot;orientation&quot;:&quot;1&quot;}\" data-image-title=\"IMG_7087\" data-image-description=\"\" data-image-caption=\"\" data-large-file=\"https:\/\/www.ff-waldneukirchen.at\/wp-content\/uploads\/2018\/04\/IMG_7087.jpg\" src=\"http:\/\/www.ff-waldneukirchen.at\/wp-content\/uploads\/2018\/04\/IMG_7087.jpg\" alt=\"\" class=\"wp-image-4140\" srcset=\"https:\/\/www.ff-waldneukirchen.at\/wp-content\/uploads\/2018\/04\/IMG_7087.jpg 1000w, https:\/\/www.ff-waldneukirchen.at\/wp-content\/uploads\/2018\/04\/IMG_7087-300x200.jpg 300w, https:\/\/www.ff-waldneukirchen.at\/wp-content\/uploads\/2018\/04\/IMG_7087-768x511.jpg 768w, https:\/\/www.ff-waldneukirchen.at\/wp-content\/uploads\/2018\/04\/IMG_7087-272x182.jpg 272w\" sizes=\"auto, (max-width: 1000px) 100vw, 1000px\" \/><\/figure><div class=\"wp-block-media-text__content\">\n<ul class=\"wp-block-list\"><li>Jugendbetreuer: Christian Dietermayr<\/li><li>Jugendbetreuer Stv.: Florian Diwald<\/li><li>Jugendhelfer:<ul><li>Jakob Bauernfeind<\/li><li>Franz Diwald<\/li><li>Raphael Hoffmann<\/li><li>Michael Mayer<\/li><li>Tobias Pointner<\/li><\/ul><\/li><\/ul>\n<\/div><\/div>\n\n\n\n<h2 class=\"wp-block-heading\"><br>Du willst mitmachen?<\/h2>\n\n\n\n<div class=\"wp-block-media-text alignfull has-media-on-the-right\"><figure class=\"wp-block-media-text__media\"><img loading=\"lazy\" decoding=\"async\" width=\"1000\" height=\"667\" data-attachment-id=\"3988\" data-permalink=\"https:\/\/www.ff-waldneukirchen.at\/?attachment_id=3988\" data-orig-file=\"https:\/\/www.ff-waldneukirchen.at\/wp-content\/uploads\/2018\/01\/IMG_6711.jpg\" data-orig-size=\"1000,667\" data-comments-opened=\"0\" data-image-meta=\"{&quot;aperture&quot;:&quot;4&quot;,&quot;credit&quot;:&quot;Picasa&quot;,&quot;camera&quot;:&quot;Canon EOS 5D&quot;,&quot;caption&quot;:&quot;&quot;,&quot;created_timestamp&quot;:&quot;1516472599&quot;,&quot;copyright&quot;:&quot;&quot;,&quot;focal_length&quot;:&quot;48&quot;,&quot;iso&quot;:&quot;800&quot;,&quot;shutter_speed&quot;:&quot;0.033333333333333&quot;,&quot;title&quot;:&quot;&quot;,&quot;orientation&quot;:&quot;0&quot;}\" data-image-title=\"IMG_6711\" data-image-description=\"\" data-image-caption=\"\" data-large-file=\"https:\/\/www.ff-waldneukirchen.at\/wp-content\/uploads\/2018\/01\/IMG_6711.jpg\" src=\"http:\/\/www.ff-waldneukirchen.at\/wp-content\/uploads\/2018\/01\/IMG_6711.jpg\" alt=\"\" class=\"wp-image-3988\" srcset=\"https:\/\/www.ff-waldneukirchen.at\/wp-content\/uploads\/2018\/01\/IMG_6711.jpg 1000w, https:\/\/www.ff-waldneukirchen.at\/wp-content\/uploads\/2018\/01\/IMG_6711-300x200.jpg 300w, https:\/\/www.ff-waldneukirchen.at\/wp-content\/uploads\/2018\/01\/IMG_6711-768x512.jpg 768w, https:\/\/www.ff-waldneukirchen.at\/wp-content\/uploads\/2018\/01\/IMG_6711-272x182.jpg 272w\" sizes=\"auto, (max-width: 1000px) 100vw, 1000px\" \/><\/figure><div class=\"wp-block-media-text__content\">\n<ul class=\"wp-block-list\"><li>Du bist teamf\u00e4hig?<\/li><li>Du m\u00f6chtest anderen helfen?<\/li><\/ul>\n\n\n\n<p class=\"has-large-font-size\">Dann z\u00f6gere nicht und melde dich bei uns!<\/p>\n\n\n\n<p><strong>E-Mail:<\/strong> <a href=\"mailto:jugend@ff-waldneukirchen.at\">jugend@ff-waldneukirchen.at<\/a><\/p>\n\n\n\n<p><strong>Mobil:<\/strong> 0650 20 01 393<\/p>\n<\/div><\/div>\n","protected":false},"excerpt":{"rendered":"<p>Die Jugendgruppe unserer Feuerwehr besteht seit 1999. Ihr Hauptziel ist die Ausbildung der Jugendlichen f\u00fcr den Dienst in der Feuerwehr. Au\u00dferdem wird ein breites Angebot an Freizeitaktivit\u00e4ten geboten. Was wir dir bieten Ausbildung Nach abgeschlossener Grundausbildung tr\u00e4gst du den Dienstgrad Feuerwehrmann und darfst an Einsatzfahrten teilnehmen. Kameradschaft In der Feuerwehjugendgruppe werden viele Freundschaften eschlossen, die [&hellip;]<\/p>\n","protected":false},"author":2,"featured_media":0,"parent":4711,"menu_order":0,"comment_status":"closed","ping_status":"closed","template":"","meta":{"advgb_blocks_editor_width":"","advgb_blocks_columns_visual_guide":"","advanced_seo_description":"","jetpack_seo_html_title":"","jetpack_seo_noindex":false,"footnotes":""},"class_list":["post-4796","page","type-page","status-publish","hentry","missing-thumbnail"],"coauthors":[],"author_meta":{"author_link":"https:\/\/www.ff-waldneukirchen.at\/?author=2","display_name":"Florian Diwald"},"relative_dates":{"created":"Ver\u00f6ffentlicht 7\u00a0Jahren vor","modified":"Aktualisiert 7\u00a0Jahren vor"},"absolute_dates":{"created":"Ver\u00f6ffentlicht am 01\/12\/2018","modified":"Aktualisiert am 01\/12\/2018"},"absolute_dates_time":{"created":"Ver\u00f6ffentlicht am 01\/12\/2018 18:03","modified":"Aktualisiert am 01\/12\/2018 18:49"},"featured_img_caption":"","featured_img":false,"series_order":"","jetpack_sharing_enabled":true,"_links":{"self":[{"href":"https:\/\/www.ff-waldneukirchen.at\/index.php?rest_route=\/wp\/v2\/pages\/4796","targetHints":{"allow":["GET"]}}],"collection":[{"href":"https:\/\/www.ff-waldneukirchen.at\/index.php?rest_route=\/wp\/v2\/pages"}],"about":[{"href":"https:\/\/www.ff-waldneukirchen.at\/index.php?rest_route=\/wp\/v2\/types\/page"}],"author":[{"embeddable":true,"href":"https:\/\/www.ff-waldneukirchen.at\/index.php?rest_route=\/wp\/v2\/users\/2"}],"replies":[{"embeddable":true,"href":"https:\/\/www.ff-waldneukirchen.at\/index.php?rest_route=%2Fwp%2Fv2%2Fcomments&post=4796"}],"version-history":[{"count":0,"href":"https:\/\/www.ff-waldneukirchen.at\/index.php?rest_route=\/wp\/v2\/pages\/4796\/revisions"}],"up":[{"embeddable":true,"href":"https:\/\/www.ff-waldneukirchen.at\/index.php?rest_route=\/wp\/v2\/pages\/4711"}],"wp:attachment":[{"href":"https:\/\/www.ff-waldneukirchen.at\/index.php?rest_route=%2Fwp%2Fv2%2Fmedia&parent=4796"}],"curies":[{"name":"wp","href":"https:\/\/api.w.org\/{rel}","templated":true}]}}